{"id":5565,"date":"2021-04-14T18:11:57","date_gmt":"2021-04-14T16:11:57","guid":{"rendered":"http:\/\/gokgolotczyzna.pl\/?page_id=5565"},"modified":"2021-04-24T15:26:03","modified_gmt":"2021-04-24T13:26:03","slug":"wykaz-wnioskow-i-odpowiedzi-udzielonych-w-trybie-ustawy-o-dostepie-do-informacji-publicznej-w-2020-roku","status":"publish","type":"page","link":"https:\/\/gokgolotczyzna.pl\/?page_id=5565","title":{"rendered":"Wykaz wniosk\u00f3w i odpowiedzi udzielonych w trybie ustawy o dost\u0119pie do informacji publicznej w 2020 roku"},"content":{"rendered":"\n<figure class=\"wp-block-table is-style-stripes\"><table class=\"\"><tbody><tr><td>Data wp\u0142ywu<br>pierwszego wniosku<\/td><td><\/td><td>Dotyczy<\/td><td>Wnioski i odpowiedzi<\/td><\/tr><tr><td>2020-12-09<\/td><td><\/td><td><strong>Dokumentacja dotycz\u0105ca uroczysto\u015bci patriotycznej w Ko\u017aniewie Wielkim w dniu 15.08.2020 r. <\/strong><\/td><td><a href=\"http:\/\/gokgolotczyzna.pl\/wp-content\/uploads\/2021\/04\/2020-12-09-1.pdf\">wniosek<\/a><br><a href=\"http:\/\/gokgolotczyzna.pl\/wp-content\/uploads\/2021\/04\/odp1a-1.pdf\">odpowied\u017a<\/a><br><a href=\"http:\/\/gokgolotczyzna.pl\/wp-content\/uploads\/2021\/04\/odp1a_zal.pdf\">za\u0142\u0105cznik1<\/a><br><a href=\"http:\/\/gokgolotczyzna.pl\/wp-content\/uploads\/2021\/04\/odp1a_zal1.pdf\">za\u0142\u0105cznik2<\/a><br><a href=\"http:\/\/gokgolotczyzna.pl\/wp-content\/uploads\/2021\/04\/2020-12-22_2.pdf\">wniosek<\/a><br><a href=\"http:\/\/gokgolotczyzna.pl\/wp-content\/uploads\/2021\/04\/odp1.pdf\">odpowied\u017a<\/a><br><a href=\"http:\/\/gokgolotczyzna.pl\/wp-content\/uploads\/2021\/04\/odp1_zal-1.pdf\">za\u0142\u0105cznik1<\/a><br><a href=\"http:\/\/gokgolotczyzna.pl\/wp-content\/uploads\/2021\/04\/odp1_zal-2.pdf\">za\u0142\u0105cznik2<\/a><br><a href=\"http:\/\/gokgolotczyzna.pl\/wp-content\/uploads\/2021\/04\/2021-01-06_2.pdf\">wniosek<\/a><br><a href=\"http:\/\/gokgolotczyzna.pl\/wp-content\/uploads\/2021\/04\/odp4.pdf\">odpowied\u017a<\/a><\/td><\/tr><tr><td>2020-12-22<\/td><td><\/td><td><strong>Dokumentacja dotycz\u0105ca uroczysto\u015bci patriotycznej w Sarnowej G\u00f3rze w dniu 16.08.2020 r. <\/strong> <\/td><td><a href=\"http:\/\/gokgolotczyzna.pl\/wp-content\/uploads\/2021\/04\/2020-12-22.pdf\">wniosek<\/a><br><a href=\"http:\/\/gokgolotczyzna.pl\/wp-content\/uploads\/2021\/04\/odp2.pdf\">odpowied\u017a<\/a><br><a href=\"http:\/\/gokgolotczyzna.pl\/wp-content\/uploads\/2021\/04\/odp2_zal-1.pdf\">za\u0142\u0105cznik1<\/a><br><a href=\"http:\/\/gokgolotczyzna.pl\/wp-content\/uploads\/2021\/04\/odp2_zal-2.pdf\">za\u0142\u0105cznik2<\/a><br><a href=\"http:\/\/gokgolotczyzna.pl\/wp-content\/uploads\/2021\/04\/odp2_zal-3.pdf\">za\u0142\u0105cznik3<\/a><br><a href=\"http:\/\/gokgolotczyzna.pl\/wp-content\/uploads\/2021\/04\/2021-01-06.pdf\">wniosek<\/a><br><a href=\"http:\/\/gokgolotczyzna.pl\/wp-content\/uploads\/2021\/04\/odp5.pdf\">odpowied\u017a<\/a><\/td><\/tr><tr><td>2020-12-28<\/td><td><\/td><td><strong>Kontrahenci i wydatki od  listopada 2019 r. do 30 listopada 2020 r.<\/strong><\/td><td><a href=\"http:\/\/gokgolotczyzna.pl\/wp-content\/uploads\/2021\/04\/2020-12-28.pdf\">wniosek<\/a><br><a href=\"http:\/\/gokgolotczyzna.pl\/wp-content\/uploads\/2021\/04\/odp3.pdf\">odpowied\u017a<\/a><br><a href=\"http:\/\/gokgolotczyzna.pl\/wp-content\/uploads\/2021\/04\/2021-01-12.pdf\">wniosek<\/a><br><a href=\"http:\/\/gokgolotczyzna.pl\/wp-content\/uploads\/2021\/04\/odp7.pdf\">odpowied\u017a<\/a><br><a href=\"http:\/\/gokgolotczyzna.pl\/wp-content\/uploads\/2021\/04\/2021-01-26.pdf\">wniosek<\/a><br><a href=\"http:\/\/gokgolotczyzna.pl\/wp-content\/uploads\/2021\/04\/odp10.pdf\">odpowied\u017a<\/a><br><a href=\"http:\/\/gokgolotczyzna.pl\/wp-content\/uploads\/2021\/04\/odp10_zal-1.pdf\">za\u0142\u0105cznik1<\/a><br><a href=\"http:\/\/gokgolotczyzna.pl\/wp-content\/uploads\/2021\/04\/odp10_zal-2.pdf\">za\u0142\u0105cznik2<\/a><br><a href=\"http:\/\/gokgolotczyzna.pl\/wp-content\/uploads\/2021\/04\/odp10_zal-3.pdf\">za\u0142\u0105cznik3<\/a><\/td><\/tr><\/tbody><\/table><\/figure>\n","protected":false},"excerpt":{"rendered":"<p>Data wp\u0142ywupierwszego wniosku Dotyczy Wnioski i odpowiedzi 2020-12-09 Dokumentacja dotycz\u0105ca uroczysto\u015bci patriotycznej w Ko\u017aniewie Wielkim w dniu 15.08.2020 r. wniosekodpowied\u017aza\u0142\u0105cznik1za\u0142\u0105cznik2wniosekodpowied\u017aza\u0142\u0105cznik1za\u0142\u0105cznik2wniosekodpowied\u017a 2020-12-22 Dokumentacja dotycz\u0105ca uroczysto\u015bci patriotycznej w Sarnowej G\u00f3rze w dniu 16.08.2020 r. wniosekodpowied\u017aza\u0142\u0105cznik1za\u0142\u0105cznik2za\u0142\u0105cznik3wniosekodpowied\u017a 2020-12-28 Kontrahenci i wydatki od listopada 2019 r. do 30 listopada 2020 r. wniosekodpowied\u017awniosekodpowied\u017awniosekodpowied\u017aza\u0142\u0105cznik1za\u0142\u0105cznik2za\u0142\u0105cznik3<\/p>\n","protected":false},"author":1,"featured_media":0,"parent":5536,"menu_order":0,"comment_status":"closed","ping_status":"closed","template":"","meta":[],"_links":{"self":[{"href":"https:\/\/gokgolotczyzna.pl\/index.php?rest_route=\/wp\/v2\/pages\/5565"}],"collection":[{"href":"https:\/\/gokgolotczyzna.pl\/index.php?rest_route=\/wp\/v2\/pages"}],"about":[{"href":"https:\/\/gokgolotczyzna.pl\/index.php?rest_route=\/wp\/v2\/types\/page"}],"author":[{"embeddable":true,"href":"https:\/\/gokgolotczyzna.pl\/index.php?rest_route=\/wp\/v2\/users\/1"}],"replies":[{"embeddable":true,"href":"https:\/\/gokgolotczyzna.pl\/index.php?rest_route=%2Fwp%2Fv2%2Fcomments&post=5565"}],"version-history":[{"count":21,"href":"https:\/\/gokgolotczyzna.pl\/index.php?rest_route=\/wp\/v2\/pages\/5565\/revisions"}],"predecessor-version":[{"id":5732,"href":"https:\/\/gokgolotczyzna.pl\/index.php?rest_route=\/wp\/v2\/pages\/5565\/revisions\/5732"}],"up":[{"embeddable":true,"href":"https:\/\/gokgolotczyzna.pl\/index.php?rest_route=\/wp\/v2\/pages\/5536"}],"wp:attachment":[{"href":"https:\/\/gokgolotczyzna.pl\/index.php?rest_route=%2Fwp%2Fv2%2Fmedia&parent=5565"}],"curies":[{"name":"wp","href":"https:\/\/api.w.org\/{rel}","templated":true}]}}