{"id":5377,"date":"2021-02-12T20:25:02","date_gmt":"2021-02-12T19:25:02","guid":{"rendered":"http:\/\/gokgolotczyzna.pl\/?page_id=5377"},"modified":"2021-02-12T20:25:02","modified_gmt":"2021-02-12T19:25:02","slug":"koordynator-ds-dostepnosci","status":"publish","type":"page","link":"https:\/\/gokgolotczyzna.pl\/?page_id=5377","title":{"rendered":"Koordynator ds. dost\u0119pno\u015bci"},"content":{"rendered":"\n<p><strong>Kontakt<br><\/strong>Magdalena Zakrzewska<br>Koordynator ds. dost\u0119pno\u015bci w Gminnym O\u015brodku Kultury w Go\u0142otczy\u017anie<br>e-mail:  sekretariat@gokgolotczyzna.pl<\/p>\n\n\n\n<p>Do zada\u0144 Koordynatora do spraw dost\u0119pno\u015bci nale\u017cy przede wszystkim:<\/p>\n\n\n\n<ul><li>wsparcie os\u00f3b ze szczeg\u00f3lnymi potrzebami w dost\u0119pie do us\u0142ug \u015bwiadczonych przez GOK,<\/li><li> przygotowanie i koordynacja wdro\u017cenia planu dzia\u0142ania na rzecz poprawy zapewniania dost\u0119pno\u015bci osobom ze szczeg\u00f3lnymi potrzebami,<\/li><li> monitorowanie dzia\u0142alno\u015bci GOK w zakresie zapewniania dost\u0119pno\u015bci osobom ze szczeg\u00f3lnymi potrzebami.<\/li><\/ul>\n\n\n\n<p><strong> Koordynator ds. dost\u0119pno\u015bci zajmuje si\u0119 tak\u017ce: <\/strong><\/p>\n\n\n\n<ul><li>opiniowaniem projekt\u00f3w pod k\u0105tem spe\u0142nienia wymog\u00f3w bezpiecze\u0144stwa i dost\u0119pno\u015bci dla os\u00f3b z niepe\u0142nosprawno\u015bci\u0105,<\/li><li>ocen\u0105 zgodno\u015bci przyj\u0119tych rozwi\u0105za\u0144 z obowi\u0105zuj\u0105cymi standardami,<\/li><li>wskazywaniem do stosowania autorskich rozwi\u0105za\u0144 standard\u00f3w dla os\u00f3b z niepe\u0142nosprawno\u015bciami, senior\u00f3w, rodzic\u00f3w z dzie\u0107mi, os\u00f3b o ograniczonej mobilno\u015bci.<br><\/li><\/ul>\n","protected":false},"excerpt":{"rendered":"<p>KontaktMagdalena ZakrzewskaKoordynator ds. dost\u0119pno\u015bci w Gminnym O\u015brodku Kultury w Go\u0142otczy\u017aniee-mail: sekretariat@gokgolotczyzna.pl Do zada\u0144 Koordynatora do spraw dost\u0119pno\u015bci nale\u017cy przede wszystkim: wsparcie os\u00f3b ze szczeg\u00f3lnymi potrzebami w dost\u0119pie do us\u0142ug \u015bwiadczonych przez GOK, przygotowanie i koordynacja wdro\u017cenia planu dzia\u0142ania na rzecz poprawy zapewniania dost\u0119pno\u015bci osobom ze szczeg\u00f3lnymi potrzebami, monitorowanie dzia\u0142alno\u015bci GOK [&hellip;]<\/p>\n","protected":false},"author":1,"featured_media":0,"parent":5264,"menu_order":0,"comment_status":"closed","ping_status":"closed","template":"page-templates\/template-page-sidebar.php","meta":[],"_links":{"self":[{"href":"https:\/\/gokgolotczyzna.pl\/index.php?rest_route=\/wp\/v2\/pages\/5377"}],"collection":[{"href":"https:\/\/gokgolotczyzna.pl\/index.php?rest_route=\/wp\/v2\/pages"}],"about":[{"href":"https:\/\/gokgolotczyzna.pl\/index.php?rest_route=\/wp\/v2\/types\/page"}],"author":[{"embeddable":true,"href":"https:\/\/gokgolotczyzna.pl\/index.php?rest_route=\/wp\/v2\/users\/1"}],"replies":[{"embeddable":true,"href":"https:\/\/gokgolotczyzna.pl\/index.php?rest_route=%2Fwp%2Fv2%2Fcomments&post=5377"}],"version-history":[{"count":3,"href":"https:\/\/gokgolotczyzna.pl\/index.php?rest_route=\/wp\/v2\/pages\/5377\/revisions"}],"predecessor-version":[{"id":5382,"href":"https:\/\/gokgolotczyzna.pl\/index.php?rest_route=\/wp\/v2\/pages\/5377\/revisions\/5382"}],"up":[{"embeddable":true,"href":"https:\/\/gokgolotczyzna.pl\/index.php?rest_route=\/wp\/v2\/pages\/5264"}],"wp:attachment":[{"href":"https:\/\/gokgolotczyzna.pl\/index.php?rest_route=%2Fwp%2Fv2%2Fmedia&parent=5377"}],"curies":[{"name":"wp","href":"https:\/\/api.w.org\/{rel}","templated":true}]}}