{"id":5264,"date":"2020-09-21T13:54:19","date_gmt":"2020-09-21T11:54:19","guid":{"rendered":"http:\/\/gokgolotczyzna.pl\/?page_id=5264"},"modified":"2021-04-09T14:21:31","modified_gmt":"2021-04-09T12:21:31","slug":"dostepnosc","status":"publish","type":"page","link":"https:\/\/gokgolotczyzna.pl\/?page_id=5264","title":{"rendered":"Dost\u0119pno\u015b\u0107"},"content":{"rendered":"\n<div class=\"wp-block-file aligncenter\"><a href=\"http:\/\/gokgolotczyzna.pl\/wp-content\/uploads\/2021\/04\/Raport_o_stanie_zapewniania_dost\u0119pnosci_podmiotu_publicznego.pdf\">Raport_o_stanie_zapewniania_dost\u0119pnosci_podmiotu_publicznego<\/a><a href=\"http:\/\/gokgolotczyzna.pl\/wp-content\/uploads\/2021\/04\/Raport_o_stanie_zapewniania_dost\u0119pnosci_podmiotu_publicznego.pdf\" class=\"wp-block-file__button\" download>Pobierz<\/a><\/div>\n\n\n\n<hr class=\"wp-block-separator\"\/>\n\n\n\n<p class=\"has-text-align-center\">Poznaj naszego <a href=\"http:\/\/gokgolotczyzna.pl\/?page_id=5377\">Koordynatora ds. dost\u0119pno\u015bci<\/a><\/p>\n\n\n\n<hr class=\"wp-block-separator\"\/>\n\n\n\n<h2 id=\"a11y-deklaracja\">Deklaracja dost\u0119pno\u015bci Strony Internetowej Gminnego O\u015brodka Kultury w Go\u0142otczy\u017anie<\/h2>\n\n\n\n<div class=\"wp-block-group\"><div class=\"wp-block-group__inner-container\">\n<p><p id=\"a11y-wstep\"><p id=\"a11y-podmiot\">Gminny O\u015brodek Kultury w Go\u0142otczy\u017anie\nzobowi\u0105zuje si\u0119 zapewni\u0107 dost\u0119pno\u015b\u0107 swojej strony internetowej (znajduj\u0105cej si\u0119 pod adresem www.gokgolotczyzna.pl)\nzgodnie z przepisami ustawy z dnia 4 kwietnia 2019 r. o dost\u0119pno\u015bci\ncyfrowej stron internetowych i aplikacji mobilnych podmiot\u00f3w\npublicznych. O\u015bwiadczenie w sprawie dost\u0119pno\u015bci ma zastosowanie do\nstrony internetowej Gminnego O\u015brodka Kultury w Go\u0142otczy\u017anie.<\/p><\/p><\/p>\n<\/div><\/div>\n\n\n\n<p><p id=\"a11y-data-publikacja\">Data publikacji strony internetowej:\n26-12-2019 \n<\/p><\/p>\n\n\n\n<p><p id=\"a11y-data-aktualizacja\">Data ostatniej istotnej aktualizacji: \n17-12-2020<\/p><\/p>\n\n\n\n<h3 id=\"a11y-status\">Status pod wzgl\u0119dem zgodno\u015bci z ustaw\u0105<\/h3>\n\n\n\n<p>Strona internetowa jest cz\u0119\u015bciowo\nzgodna z ustaw\u0105 o dost\u0119pno\u015bci cyfrowej stron internetowych i\naplikacji mobilnych podmiot\u00f3w publicznych z powodu niezgodno\u015bci lub\nwy\u0142\u0105cze\u0144 wymienionych poni\u017cej.<\/p>\n\n\n\n<h4>Tre\u015bci niedost\u0119pne<\/h4>\n\n\n\n<ul><li>nie wszystkie obrazy i plakaty posiadaj\u0105 opis oraz tekst alternatywny (alt)  <\/li><li>filmy znajduj\u0105ce si\u0119 na stronie nie posiadaj\u0105 napis\u00f3w <\/li><\/ul>\n\n\n\n<h4>Przygotowanie deklaracji w sprawie\ndost\u0119pno\u015bci<\/h4>\n\n\n\n<ul><li>Deklaracj\u0119 sporz\u0105dzono dnia: 2021-02-16  <\/li><li>Deklaracj\u0119 sporz\u0105dzono na podstawie przeprowadzonej samooceny dost\u0119pno\u015bci cyfrowej strony. Skorzystano r\u00f3wnie\u017c z narz\u0119dzi, kt\u00f3re sprawdzaj\u0105 i oceniaj\u0105 stron\u0119. <\/li><\/ul>\n\n\n\n<p>Pobierz Raport z wynikami przegl\u0105du dost\u0119pno\u015bci &#8211; <a href=\"http:\/\/checkers.eiii.eu\/en\/pagecheck2.0\/?uuid=137545c0-35b1-479e-b6b6-58431ea5fa6f\">Tingtun Checker<\/a>. <\/p>\n\n\n\n<h4 id=\"a11y-kontakt\">Informacje zwrotne i dane kontaktowe<\/h4>\n\n\n\n<ul id=\"a11y-osoba\"><li>Za rozpatrywanie uwag i wniosk\u00f3w odpowiada: Magdalena Zakrzewska  <\/li><li id=\"a11y-email\">E-mail: sekretariat@gokgolotczyzna.pl <\/li><li id=\"a11y-telefon\"> Telefon: +48 798 670 987 <\/li><\/ul>\n\n\n\n<p><p id=\"a11y-procedura\">Ka\u017cdy ma prawo:<\/p><\/p>\n\n\n\n<ul><li>zg\u0142osi\u0107 uwagi dotycz\u0105ce dost\u0119pno\u015bci cyfrowej strony lub jej elementu, <\/li><li>zg\u0142osi\u0107 \u017c\u0105danie zapewnienia dost\u0119pno\u015bci cyfrowej strony lub jej elementu, <\/li><li> wnioskowa\u0107 o udost\u0119pnienie niedost\u0119pnej informacji w innej alternatywnej formie. <\/li><\/ul>\n\n\n\n<p>\u017b\u0105danie musi zawiera\u0107:<\/p>\n\n\n\n<ul><li>dane kontaktowe osoby zg\u0142aszaj\u0105cej, <\/li><li>wskazanie strony lub elementu strony, kt\u00f3rej dotyczy \u017c\u0105danie,  <\/li><li>wskazanie dogodnej formy udost\u0119pnienia informacji, je\u015bli \u017c\u0105danie dotyczy udost\u0119pnienia w formie alternatywnej informacji niedost\u0119pnej. <\/li><\/ul>\n\n\n\n<p>Rozpatrzenie zg\u0142oszenia powinno\nnast\u0105pi\u0107 niezw\u0142ocznie, najp\u00f3\u017aniej w ci\u0105gu 7 dni. Je\u015bli w tym\nterminie zapewnienie dost\u0119pno\u015bci albo zapewnienie dost\u0119pu w\nalternatywnej formie nie jest mo\u017cliwe, powinno nast\u0105pi\u0107 najdalej w\nci\u0105gu 2 miesi\u0119cy od daty zg\u0142oszenia.<\/p>\n\n\n\n<h4>Skargi i odwo\u0142ania<\/h4>\n\n\n\n<p>Na niedotrzymanie tych termin\u00f3w oraz\nna odmow\u0119 realizacji \u017c\u0105dania mo\u017cna z\u0142o\u017cy\u0107 skarg\u0119 do organu\nnadzoruj\u0105cego poczt\u0105 lub drog\u0105 elektroniczn\u0105 na adres:<\/p>\n\n\n\n<ul><li>Organ nadzoruj\u0105cy: Gminny O\u015brodek Kultury w Go\u0142otczy\u017anie <\/li><li>Adres: ul. Ciechanowska 4, 06-430 So\u0144sk <\/li><li> E-mail: sekretariat@gokgolotczyzna.pl <\/li><li> Telefon: +48 514 151 714 <\/li><\/ul>\n\n\n\n<p>Skarg\u0119 mo\u017cna z\u0142o\u017cy\u0107 r\u00f3wnie\u017c do <a href=\"https:\/\/www.rpo.gov.pl\/\">Rzecznika Praw Obywatelskich<\/a>.<\/p>\n","protected":false},"excerpt":{"rendered":"<p>Poznaj naszego Koordynatora ds. dost\u0119pno\u015bci Deklaracja dost\u0119pno\u015bci Strony Internetowej Gminnego O\u015brodka Kultury w Go\u0142otczy\u017anie Data publikacji strony internetowej: 26-12-2019 Data ostatniej istotnej aktualizacji: 17-12-2020 Status pod wzgl\u0119dem zgodno\u015bci z ustaw\u0105 Strona internetowa jest cz\u0119\u015bciowo zgodna z ustaw\u0105 o dost\u0119pno\u015bci cyfrowej stron internetowych i aplikacji mobilnych podmiot\u00f3w publicznych z powodu niezgodno\u015bci [&hellip;]<\/p>\n","protected":false},"author":1,"featured_media":0,"parent":0,"menu_order":1,"comment_status":"closed","ping_status":"closed","template":"","meta":[],"_links":{"self":[{"href":"https:\/\/gokgolotczyzna.pl\/index.php?rest_route=\/wp\/v2\/pages\/5264"}],"collection":[{"href":"https:\/\/gokgolotczyzna.pl\/index.php?rest_route=\/wp\/v2\/pages"}],"about":[{"href":"https:\/\/gokgolotczyzna.pl\/index.php?rest_route=\/wp\/v2\/types\/page"}],"author":[{"embeddable":true,"href":"https:\/\/gokgolotczyzna.pl\/index.php?rest_route=\/wp\/v2\/users\/1"}],"replies":[{"embeddable":true,"href":"https:\/\/gokgolotczyzna.pl\/index.php?rest_route=%2Fwp%2Fv2%2Fcomments&post=5264"}],"version-history":[{"count":12,"href":"https:\/\/gokgolotczyzna.pl\/index.php?rest_route=\/wp\/v2\/pages\/5264\/revisions"}],"predecessor-version":[{"id":5509,"href":"https:\/\/gokgolotczyzna.pl\/index.php?rest_route=\/wp\/v2\/pages\/5264\/revisions\/5509"}],"wp:attachment":[{"href":"https:\/\/gokgolotczyzna.pl\/index.php?rest_route=%2Fwp%2Fv2%2Fmedia&parent=5264"}],"curies":[{"name":"wp","href":"https:\/\/api.w.org\/{rel}","templated":true}]}}