{"id":5187,"date":"2020-10-02T08:00:00","date_gmt":"2020-10-02T06:00:00","guid":{"rendered":"http:\/\/gokgolotczyzna.pl\/?page_id=5187"},"modified":"2021-04-14T17:23:17","modified_gmt":"2021-04-14T15:23:17","slug":"zapytania-ofertowe","status":"publish","type":"page","link":"https:\/\/gokgolotczyzna.pl\/?page_id=5187","title":{"rendered":"Zapytania ofertowe"},"content":{"rendered":"\n<p><strong>Rozstrzygni\u0119cie zapytania ofertowego<\/strong>  <strong>na dostaw\u0119 w\u0119gla typu orzech lub kostka w sezonie grzewczym 2020\/2021 dla Gminnego O\u015brodka Kultury w Go\u0142otczy\u017anie<\/strong> <\/p>\n\n\n\n<div class=\"wp-block-file\"><a href=\"http:\/\/gokgolotczyzna.pl\/wp-content\/uploads\/2020\/10\/rozstrzygni\u0119cie-zapytania-ofertowego.pdf\">rozstrzygni\u0119cie-zapytania-ofertowego<\/a><a href=\"http:\/\/gokgolotczyzna.pl\/wp-content\/uploads\/2020\/10\/rozstrzygni\u0119cie-zapytania-ofertowego.pdf\" class=\"wp-block-file__button\" download>Pobierz<\/a><\/div>\n\n\n\n<p><strong>Zapytanie ofertowe na dostaw\u0119 w\u0119gla typu orzech lub kostka w sezonie grzewczym 2020\/2021 dla Gminnego O\u015brodka Kultury w Go\u0142otczy\u017anie<\/strong> <\/p>\n\n\n\n<p> Szczeg\u00f3\u0142owe informacje oraz formularz ofertowy wraz z klauzul\u0105 RODO: <\/p>\n\n\n\n<div class=\"wp-block-file\"><a href=\"http:\/\/gokgolotczyzna.pl\/wp-content\/uploads\/2020\/10\/Zapytanie-ofertowe-1.pdf\">Zapytanie-ofertowe-1<\/a><a href=\"http:\/\/gokgolotczyzna.pl\/wp-content\/uploads\/2020\/10\/Zapytanie-ofertowe-1.pdf\" class=\"wp-block-file__button\" download>Pobierz<\/a><\/div>\n\n\n\n<div class=\"wp-block-file\"><a href=\"http:\/\/gokgolotczyzna.pl\/wp-content\/uploads\/2020\/10\/Za\u0142\u0105cznik-nr-1-Dostawa-w\u0119gla.pdf\">Za\u0142\u0105cznik-nr-1-Dostawa-w\u0119gla<\/a><a href=\"http:\/\/gokgolotczyzna.pl\/wp-content\/uploads\/2020\/10\/Za\u0142\u0105cznik-nr-1-Dostawa-w\u0119gla.pdf\" class=\"wp-block-file__button\" download>Pobierz<\/a><\/div>\n\n\n\n<div class=\"wp-block-file\"><a href=\"http:\/\/gokgolotczyzna.pl\/wp-content\/uploads\/2020\/10\/Klauzula-informacyjna-RODO.pdf\">Klauzula-informacyjna-RODO<\/a><a href=\"http:\/\/gokgolotczyzna.pl\/wp-content\/uploads\/2020\/10\/Klauzula-informacyjna-RODO.pdf\" class=\"wp-block-file__button\" download>Pobierz<\/a><\/div>\n\n\n\n<hr class=\"wp-block-separator\"\/>\n","protected":false},"excerpt":{"rendered":"<p>Rozstrzygni\u0119cie zapytania ofertowego na dostaw\u0119 w\u0119gla typu orzech lub kostka w sezonie grzewczym 2020\/2021 dla Gminnego O\u015brodka Kultury w Go\u0142otczy\u017anie Zapytanie ofertowe na dostaw\u0119 w\u0119gla typu orzech lub kostka w sezonie grzewczym 2020\/2021 dla Gminnego O\u015brodka Kultury w Go\u0142otczy\u017anie Szczeg\u00f3\u0142owe informacje oraz formularz ofertowy wraz z klauzul\u0105 RODO:<\/p>\n","protected":false},"author":1,"featured_media":0,"parent":5536,"menu_order":0,"comment_status":"closed","ping_status":"closed","template":"","meta":[],"_links":{"self":[{"href":"https:\/\/gokgolotczyzna.pl\/index.php?rest_route=\/wp\/v2\/pages\/5187"}],"collection":[{"href":"https:\/\/gokgolotczyzna.pl\/index.php?rest_route=\/wp\/v2\/pages"}],"about":[{"href":"https:\/\/gokgolotczyzna.pl\/index.php?rest_route=\/wp\/v2\/types\/page"}],"author":[{"embeddable":true,"href":"https:\/\/gokgolotczyzna.pl\/index.php?rest_route=\/wp\/v2\/users\/1"}],"replies":[{"embeddable":true,"href":"https:\/\/gokgolotczyzna.pl\/index.php?rest_route=%2Fwp%2Fv2%2Fcomments&post=5187"}],"version-history":[{"count":4,"href":"https:\/\/gokgolotczyzna.pl\/index.php?rest_route=\/wp\/v2\/pages\/5187\/revisions"}],"predecessor-version":[{"id":5206,"href":"https:\/\/gokgolotczyzna.pl\/index.php?rest_route=\/wp\/v2\/pages\/5187\/revisions\/5206"}],"up":[{"embeddable":true,"href":"https:\/\/gokgolotczyzna.pl\/index.php?rest_route=\/wp\/v2\/pages\/5536"}],"wp:attachment":[{"href":"https:\/\/gokgolotczyzna.pl\/index.php?rest_route=%2Fwp%2Fv2%2Fmedia&parent=5187"}],"curies":[{"name":"wp","href":"https:\/\/api.w.org\/{rel}","templated":true}]}}