{"id":4506,"date":"2019-12-26T22:44:02","date_gmt":"2019-12-26T21:44:02","guid":{"rendered":"http:\/\/gokgolotczyzna.pl\/?page_id=4506"},"modified":"2025-01-22T11:40:08","modified_gmt":"2025-01-22T10:40:08","slug":"zajecia-w-gok","status":"publish","type":"page","link":"https:\/\/gokgolotczyzna.pl\/?page_id=4506","title":{"rendered":"Zaj\u0119cia w GOK"},"content":{"rendered":"\n<div class=\"wp-block-media-text alignwide has-media-on-the-right is-stacked-on-mobile has-white-background-color has-background\" style=\"grid-template-columns:auto 40%\"><figure class=\"wp-block-media-text__media\"><img loading=\"lazy\" width=\"1024\" height=\"683\" src=\"http:\/\/gokgolotczyzna.pl\/wp-content\/uploads\/2021\/01\/bass-guitar-1841186_1920-1024x683.jpg\" alt=\"\" class=\"wp-image-5338 size-full\" srcset=\"https:\/\/gokgolotczyzna.pl\/wp-content\/uploads\/2021\/01\/bass-guitar-1841186_1920-1024x683.jpg 1024w, https:\/\/gokgolotczyzna.pl\/wp-content\/uploads\/2021\/01\/bass-guitar-1841186_1920-300x200.jpg 300w, https:\/\/gokgolotczyzna.pl\/wp-content\/uploads\/2021\/01\/bass-guitar-1841186_1920-768x512.jpg 768w, https:\/\/gokgolotczyzna.pl\/wp-content\/uploads\/2021\/01\/bass-guitar-1841186_1920-1536x1024.jpg 1536w, https:\/\/gokgolotczyzna.pl\/wp-content\/uploads\/2021\/01\/bass-guitar-1841186_1920-360x240.jpg 360w, https:\/\/gokgolotczyzna.pl\/wp-content\/uploads\/2021\/01\/bass-guitar-1841186_1920.jpg 1920w\" sizes=\"(max-width: 1024px) 100vw, 1024px\" \/><\/figure><div class=\"wp-block-media-text__content\">\n<p class=\"has-text-align-right has-large-font-size\">Gitara i \u015bpiew<\/p>\n\n\n\n<p class=\"has-text-align-right\"><strong><em> Instruktor Robert Miro\u0144ski<\/em><\/strong><br>Zaj\u0119cia odbywaj\u0105 si\u0119 w \u015brody i soboty.<\/p>\n\n\n\n<p class=\"has-text-align-right\">Koszt 60z\u0142 \/ 45 min.<br> Pierwsza lekcja jest bezp\u0142atna.<\/p>\n<\/div><\/div>\n\n\n\n<div class=\"wp-block-media-text alignwide is-stacked-on-mobile has-white-background-color has-background\" style=\"grid-template-columns:40% auto\"><figure class=\"wp-block-media-text__media\"><img loading=\"lazy\" width=\"1024\" height=\"895\" src=\"http:\/\/gokgolotczyzna.pl\/wp-content\/uploads\/2020\/07\/perkusjaa-1024x895.jpg\" alt=\"\" class=\"wp-image-4978 size-full\" srcset=\"https:\/\/gokgolotczyzna.pl\/wp-content\/uploads\/2020\/07\/perkusjaa-1024x895.jpg 1024w, https:\/\/gokgolotczyzna.pl\/wp-content\/uploads\/2020\/07\/perkusjaa-300x262.jpg 300w, https:\/\/gokgolotczyzna.pl\/wp-content\/uploads\/2020\/07\/perkusjaa-768x671.jpg 768w, https:\/\/gokgolotczyzna.pl\/wp-content\/uploads\/2020\/07\/perkusjaa-1536x1342.jpg 1536w, https:\/\/gokgolotczyzna.pl\/wp-content\/uploads\/2020\/07\/perkusjaa.jpg 2048w\" sizes=\"(max-width: 1024px) 100vw, 1024px\" \/><\/figure><div class=\"wp-block-media-text__content\">\n<p class=\"has-large-font-size\">Perkusja<\/p>\n\n\n\n<p><strong><em> Instruktor Marcin Grochowski<\/em><\/strong><\/p>\n\n\n\n<p>Zaj\u0119cia odbywaj\u0105 si\u0119 w soboty. <br>Koszt 60z\u0142 \/ 45 min. Pierwsza lekcja jest bezp\u0142atna.<\/p>\n<\/div><\/div>\n\n\n\n<div class=\"wp-block-media-text alignwide has-media-on-the-right is-stacked-on-mobile has-white-background-color has-background\" style=\"grid-template-columns:auto 41%\"><figure class=\"wp-block-media-text__media\"><img loading=\"lazy\" width=\"835\" height=\"550\" src=\"http:\/\/gokgolotczyzna.pl\/wp-content\/uploads\/2023\/01\/pianino1.jpg\" alt=\"\" class=\"wp-image-7661 size-full\" srcset=\"https:\/\/gokgolotczyzna.pl\/wp-content\/uploads\/2023\/01\/pianino1.jpg 835w, https:\/\/gokgolotczyzna.pl\/wp-content\/uploads\/2023\/01\/pianino1-300x198.jpg 300w, https:\/\/gokgolotczyzna.pl\/wp-content\/uploads\/2023\/01\/pianino1-768x506.jpg 768w\" sizes=\"(max-width: 835px) 100vw, 835px\" \/><\/figure><div class=\"wp-block-media-text__content\">\n<p class=\"has-text-align-right has-large-font-size\">Pianino<\/p>\n\n\n\n<p class=\"has-text-align-right\"><strong><em> Instruktor Robert Widacki<\/em><\/strong><\/p>\n\n\n\n<p class=\"has-text-align-right\">Zaj\u0119cia odbywaj\u0105 si\u0119 w pi\u0105tki. <br>Koszt 60z\u0142 \/ 45 min. Pierwsza lekcja jest bezp\u0142atna.<\/p>\n<\/div><\/div>\n\n\n\n<div class=\"wp-block-media-text alignwide is-stacked-on-mobile has-white-background-color has-background\" style=\"grid-template-columns:38% auto\"><figure class=\"wp-block-media-text__media\"><img loading=\"lazy\" width=\"1024\" height=\"641\" src=\"http:\/\/gokgolotczyzna.pl\/wp-content\/uploads\/2025\/01\/chor-1024x641.jpg\" alt=\"\" class=\"wp-image-9307 size-full\" srcset=\"https:\/\/gokgolotczyzna.pl\/wp-content\/uploads\/2025\/01\/chor-1024x641.jpg 1024w, https:\/\/gokgolotczyzna.pl\/wp-content\/uploads\/2025\/01\/chor-300x188.jpg 300w, https:\/\/gokgolotczyzna.pl\/wp-content\/uploads\/2025\/01\/chor-768x481.jpg 768w, https:\/\/gokgolotczyzna.pl\/wp-content\/uploads\/2025\/01\/chor.jpg 1179w\" sizes=\"(max-width: 1024px) 100vw, 1024px\" \/><\/figure><div class=\"wp-block-media-text__content\">\n<p class=\"has-large-font-size\">Ch\u00f3r Sonata<\/p>\n\n\n\n<p><strong><em> Instruktor Jan Nowotka<\/em><\/strong><\/p>\n\n\n\n<p>Propozycja dla os\u00f3b w wieku 55+<\/p>\n<\/div><\/div>\n\n\n\n<p><\/p>\n\n\n\n<div class=\"wp-block-media-text alignwide has-media-on-the-right is-stacked-on-mobile has-white-background-color has-background\" style=\"grid-template-columns:auto 46%\"><figure class=\"wp-block-media-text__media\"><img loading=\"lazy\" width=\"512\" height=\"463\" src=\"http:\/\/gokgolotczyzna.pl\/wp-content\/uploads\/2020\/09\/unnamed.png\" alt=\"\" class=\"wp-image-5175 size-full\" srcset=\"https:\/\/gokgolotczyzna.pl\/wp-content\/uploads\/2020\/09\/unnamed.png 512w, https:\/\/gokgolotczyzna.pl\/wp-content\/uploads\/2020\/09\/unnamed-300x271.png 300w\" sizes=\"(max-width: 512px) 100vw, 512px\" \/><\/figure><div class=\"wp-block-media-text__content\">\n<p class=\"has-text-align-right has-large-font-size\"><span style=\"color:#000000\" class=\"tadv-color\">J\u0119zyk angielski<\/span><\/p>\n\n\n\n<p class=\"has-text-align-right\"><strong><em><span style=\"color:#000000\" class=\"tadv-color\">Instruktor Katarzyna Smo\u0142uga<\/span><\/em><\/strong><\/p>\n\n\n\n<p class=\"has-text-align-right\">Zaj\u0119cia dla uczni\u00f3w klas I-III , odbywaj\u0105 si\u0119 w \u015brody z podzia\u0142em na grupy wg poziomu zaawansowania. <\/p>\n\n\n\n<p class=\"has-text-align-right\"><em><strong>Instruktor Marta Zduniak-Stecz <\/strong><\/em><\/p>\n\n\n\n<p class=\"has-text-align-right\">Zaj\u0119cia dla uczni\u00f3w z klas IV-VIII,  odbywaj\u0105 si\u0119 w czwartki z podzia\u0142em na grupy wg poziomu zaawansowania oraz przygotowania do egzaminu \u00f3smoklasisty.<\/p>\n\n\n\n<p class=\"has-text-align-right\">Koszt 35 z\u0142 \/ 60 min.<\/p>\n<\/div><\/div>\n\n\n\n<div class=\"wp-block-media-text alignwide is-stacked-on-mobile has-white-background-color has-background\" style=\"grid-template-columns:40% auto\"><figure class=\"wp-block-media-text__media\"><img loading=\"lazy\" width=\"600\" height=\"400\" src=\"http:\/\/gokgolotczyzna.pl\/wp-content\/uploads\/2020\/06\/Wrzecionko-bylina.jpg\" alt=\"\" class=\"wp-image-4937 size-full\" srcset=\"https:\/\/gokgolotczyzna.pl\/wp-content\/uploads\/2020\/06\/Wrzecionko-bylina.jpg 600w, https:\/\/gokgolotczyzna.pl\/wp-content\/uploads\/2020\/06\/Wrzecionko-bylina-300x200.jpg 300w, https:\/\/gokgolotczyzna.pl\/wp-content\/uploads\/2020\/06\/Wrzecionko-bylina-360x240.jpg 360w\" sizes=\"(max-width: 600px) 100vw, 600px\" \/><\/figure><div class=\"wp-block-media-text__content\">\n<p class=\"has-text-align-left has-large-font-size\">Warsztaty kreatywne<\/p>\n\n\n\n<p class=\"has-text-align-left\"><strong><em> Prowadz\u0105 Magdalena Zakrzewska<\/em><\/strong> <strong><em>i Katarzyna Dolecka<\/em><\/strong><\/p>\n\n\n\n<p class=\"has-text-align-left\">Zaj\u0119cia odbywaj\u0105 si\u0119 we wtorki z podzia\u0142em na grupy wiekowe.<br>Zaj\u0119cia bezp\u0142atne.<\/p>\n<\/div><\/div>\n\n\n\n<div class=\"wp-block-media-text alignwide has-media-on-the-right is-stacked-on-mobile has-white-background-color has-background\" style=\"grid-template-columns:auto 46%\"><figure class=\"wp-block-media-text__media\"><img loading=\"lazy\" width=\"1024\" height=\"683\" src=\"http:\/\/gokgolotczyzna.pl\/wp-content\/uploads\/2019\/12\/brushes-3129361_1920-1024x683.jpg\" alt=\"\" class=\"wp-image-4511 size-full\" srcset=\"https:\/\/gokgolotczyzna.pl\/wp-content\/uploads\/2019\/12\/brushes-3129361_1920-1024x683.jpg 1024w, https:\/\/gokgolotczyzna.pl\/wp-content\/uploads\/2019\/12\/brushes-3129361_1920-300x200.jpg 300w, https:\/\/gokgolotczyzna.pl\/wp-content\/uploads\/2019\/12\/brushes-3129361_1920-768x512.jpg 768w, https:\/\/gokgolotczyzna.pl\/wp-content\/uploads\/2019\/12\/brushes-3129361_1920-1536x1025.jpg 1536w, https:\/\/gokgolotczyzna.pl\/wp-content\/uploads\/2019\/12\/brushes-3129361_1920-360x240.jpg 360w, https:\/\/gokgolotczyzna.pl\/wp-content\/uploads\/2019\/12\/brushes-3129361_1920.jpg 1920w\" sizes=\"(max-width: 1024px) 100vw, 1024px\" \/><\/figure><div class=\"wp-block-media-text__content\">\n<p class=\"has-text-align-right has-large-font-size\"><span style=\"color:#000000\" class=\"tadv-color\">Plastyka<\/span><\/p>\n\n\n\n<p class=\"has-text-align-right\"><strong><em><span style=\"color:#000000\" class=\"tadv-color\">Instruktor Dorota Nasierowska<\/span><\/em><\/strong><\/p>\n\n\n\n<p class=\"has-text-align-right\">Zaj\u0119cia odbywaj\u0105 si\u0119 w pi\u0105tki i soboty <br>z podzia\u0142em na grupy wiekowe.<br>Zaj\u0119cia bezp\u0142atne.<\/p>\n<\/div><\/div>\n\n\n\n<div class=\"wp-block-media-text alignwide is-stacked-on-mobile\"><figure class=\"wp-block-media-text__media\"><img loading=\"lazy\" width=\"940\" height=\"788\" src=\"https:\/\/gokgolotczyzna.pl\/wp-content\/uploads\/2023\/09\/375825614_703298418508267_2933379339173844117_n.jpg\" alt=\"\" class=\"wp-image-7993 size-full\" srcset=\"https:\/\/gokgolotczyzna.pl\/wp-content\/uploads\/2023\/09\/375825614_703298418508267_2933379339173844117_n.jpg 940w, https:\/\/gokgolotczyzna.pl\/wp-content\/uploads\/2023\/09\/375825614_703298418508267_2933379339173844117_n-300x251.jpg 300w, https:\/\/gokgolotczyzna.pl\/wp-content\/uploads\/2023\/09\/375825614_703298418508267_2933379339173844117_n-768x644.jpg 768w\" sizes=\"(max-width: 940px) 100vw, 940px\" \/><\/figure><div class=\"wp-block-media-text__content\">\n<p class=\"has-large-font-size\">Klub Malucha<\/p>\n\n\n\n<p><strong><em>Instruktor Katarzyna Dolecka<\/em><\/strong><\/p>\n\n\n\n<p>Zaj\u0119cia rozwijaj\u0105ce dla najm\u0142odszych dzieci.<\/p>\n\n\n\n<p>Odbywaj\u0105 si\u0119 w czwartki, grupowe, bezp\u0142atne.<\/p>\n<\/div><\/div>\n","protected":false},"excerpt":{"rendered":"<p>Gitara i \u015bpiew Instruktor Robert Miro\u0144skiZaj\u0119cia odbywaj\u0105 si\u0119 w \u015brody i soboty. Koszt 60z\u0142 \/ 45 min. Pierwsza lekcja jest bezp\u0142atna. Perkusja Instruktor Marcin Grochowski Zaj\u0119cia odbywaj\u0105 si\u0119 w soboty. Koszt 60z\u0142 \/ 45 min. Pierwsza lekcja jest bezp\u0142atna. Pianino Instruktor Robert Widacki Zaj\u0119cia odbywaj\u0105 si\u0119 w pi\u0105tki. Koszt 60z\u0142 [&hellip;]<\/p>\n","protected":false},"author":1,"featured_media":0,"parent":0,"menu_order":0,"comment_status":"closed","ping_status":"closed","template":"","meta":[],"_links":{"self":[{"href":"https:\/\/gokgolotczyzna.pl\/index.php?rest_route=\/wp\/v2\/pages\/4506"}],"collection":[{"href":"https:\/\/gokgolotczyzna.pl\/index.php?rest_route=\/wp\/v2\/pages"}],"about":[{"href":"https:\/\/gokgolotczyzna.pl\/index.php?rest_route=\/wp\/v2\/types\/page"}],"author":[{"embeddable":true,"href":"https:\/\/gokgolotczyzna.pl\/index.php?rest_route=\/wp\/v2\/users\/1"}],"replies":[{"embeddable":true,"href":"https:\/\/gokgolotczyzna.pl\/index.php?rest_route=%2Fwp%2Fv2%2Fcomments&post=4506"}],"version-history":[{"count":26,"href":"https:\/\/gokgolotczyzna.pl\/index.php?rest_route=\/wp\/v2\/pages\/4506\/revisions"}],"predecessor-version":[{"id":9308,"href":"https:\/\/gokgolotczyzna.pl\/index.php?rest_route=\/wp\/v2\/pages\/4506\/revisions\/9308"}],"wp:attachment":[{"href":"https:\/\/gokgolotczyzna.pl\/index.php?rest_route=%2Fwp%2Fv2%2Fmedia&parent=4506"}],"curies":[{"name":"wp","href":"https:\/\/api.w.org\/{rel}","templated":true}]}}